{"id":33,"date":"2014-12-08T15:49:42","date_gmt":"2014-12-08T15:49:42","guid":{"rendered":"http:\/\/sweetlaker.de\/cms\/?page_id=33"},"modified":"2015-01-14T10:05:17","modified_gmt":"2015-01-14T09:05:17","slug":"anfahrt","status":"publish","type":"page","link":"http:\/\/sweetlaker.de\/cms\/anfahrt\/","title":{"rendered":"Anfahrt"},"content":{"rendered":"<p><strong>Anfahrt zum Windsurfingclub Halle\/Seeburg<\/strong><\/p>\n<p><a href=\"http:\/\/sweetlaker.de\/cms\/wp-content\/uploads\/2014\/12\/anfahrt.jpg\"><img loading=\"lazy\" decoding=\"async\" class=\"alignleft size-full wp-image-128\" src=\"http:\/\/sweetlaker.de\/cms\/wp-content\/uploads\/2014\/12\/anfahrt.jpg\" alt=\"anfahrt\" width=\"384\" height=\"386\" srcset=\"http:\/\/sweetlaker.de\/cms\/wp-content\/uploads\/2014\/12\/anfahrt.jpg 384w, http:\/\/sweetlaker.de\/cms\/wp-content\/uploads\/2014\/12\/anfahrt-150x150.jpg 150w, http:\/\/sweetlaker.de\/cms\/wp-content\/uploads\/2014\/12\/anfahrt-298x300.jpg 298w\" sizes=\"auto, (max-width: 384px) 100vw, 384px\" \/><\/a><\/p>\n<p>Der S\u00fcsse See liegt im Mansfelder Land in Sachsen-Anhalt zwischen Halle\/Saale und Eisleben. Von Halle\/Saale oder Eisleben kommend, fahrt ihr die B80 bis zur Abfahrt Seeburg und folgt dann dem Hinweisschild zum Zeltplatz. 100 Meter hinter dem G\u00e4stst\u00e4tten Schiff am Nordstrand findet ihr die Material- und Schulungscontainer des Windsurfingclubs. Ein Parkplatz ist f\u00fcr Vereinsmitglieder und Schulungsteilnehmer vorhanden.<\/p>\n<p>Auf dem ausgewiesenen Vereinsgel\u00e4nde finden alle Lehrg\u00e4nge und Schulungen statt. Der Seebereich ist f\u00fcr Badende mit Hinweisschildern gesperrt.<\/p>\n<p>Das viel frequentierte Nordufer wird von Besuchern des Sees als Anlaufpunkt f\u00fcr Gastst\u00e4ttenbesuche und Spazierg\u00e4nge genutzt. Die Surfer haben hier ein hohes Showpotenzial. Wundert euch nicht, wenn ihr von 70j\u00e4hrigen auf eure Sportart angesprochen werdet. Surfer sind dann die Sonne in ihrem Herzen.<\/p>\n<p>Bei Winden um und \u00fcber 6 Bft. wird es schnell sehr voll am Nordufer. Passt auf wo ihr parkt. Auch hier wird gern abkassiert.<\/p>\n<p><iframe loading=\"lazy\" src=\"https:\/\/www.google.com\/maps\/embed?pb=!1m24!1m12!1m3!1d79482.09323095369!2d11.594927256412992!3d51.498254726212664!2m3!1f0!2f0!3f0!3m2!1i1024!2i768!4f13.1!4m9!1i0!3e6!4m0!4m5!1s0x47a5d4391ca578cf%3A0xc7a2179e417a699a!2sS%C3%BC%C3%9Fer+und+Salziger+See!3m2!1d51.498278!2d11.668915!5e0!3m2!1sde!2sde!4v1418220244617\" width=\"575\" height=\"450\" frameborder=\"0\" style=\"border:0\"><\/iframe><\/p>\n","protected":false},"excerpt":{"rendered":"<p>Anfahrt zum Windsurfingclub Halle\/Seeburg Der S\u00fcsse See liegt im Mansfelder Land in Sachsen-Anhalt zwischen Halle\/Saale und Eisleben. Von Halle\/Saale oder&#46;&#46;&#46;<\/p>\n","protected":false},"author":1,"featured_media":0,"parent":0,"menu_order":0,"comment_status":"closed","ping_status":"closed","template":"","meta":{"ngg_post_thumbnail":0,"footnotes":""},"class_list":["post-33","page","type-page","status-publish","hentry"],"_links":{"self":[{"href":"http:\/\/sweetlaker.de\/cms\/wp-json\/wp\/v2\/pages\/33","targetHints":{"allow":["GET"]}}],"collection":[{"href":"http:\/\/sweetlaker.de\/cms\/wp-json\/wp\/v2\/pages"}],"about":[{"href":"http:\/\/sweetlaker.de\/cms\/wp-json\/wp\/v2\/types\/page"}],"author":[{"embeddable":true,"href":"http:\/\/sweetlaker.de\/cms\/wp-json\/wp\/v2\/users\/1"}],"replies":[{"embeddable":true,"href":"http:\/\/sweetlaker.de\/cms\/wp-json\/wp\/v2\/comments?post=33"}],"version-history":[{"count":7,"href":"http:\/\/sweetlaker.de\/cms\/wp-json\/wp\/v2\/pages\/33\/revisions"}],"predecessor-version":[{"id":135,"href":"http:\/\/sweetlaker.de\/cms\/wp-json\/wp\/v2\/pages\/33\/revisions\/135"}],"wp:attachment":[{"href":"http:\/\/sweetlaker.de\/cms\/wp-json\/wp\/v2\/media?parent=33"}],"curies":[{"name":"wp","href":"https:\/\/api.w.org\/{rel}","templated":true}]}}