{"id":41,"date":"2014-12-08T15:54:17","date_gmt":"2014-12-08T15:54:17","guid":{"rendered":"http:\/\/sweetlaker.de\/cms\/?page_id=41"},"modified":"2015-01-14T10:05:17","modified_gmt":"2015-01-14T09:05:17","slug":"partner","status":"publish","type":"page","link":"http:\/\/sweetlaker.de\/cms\/partner\/","title":{"rendered":"Partner"},"content":{"rendered":"<p><strong>Freunde des Hauses<\/strong><\/p>\n<p><a class=\"textbox1link\" href=\"http:\/\/www.sb-kingsize.de\/\" target=\"_blank\">SB-KingSize<\/a> &#8211; HardCore Downhill am S\u00fc\u00dfen See<\/p>\n<p><a class=\"textbox1link\" href=\"http:\/\/www.skyhippies.de\" target=\"_blank\">Skyhippis<\/a> &#8211; <span class=\"textbox1\">\u00dcberflieger mit Fallschirm<\/span><\/p>\n<p><a class=\"textbox1link\" href=\"http:\/\/www.achterdeck-seeburg.de\" target=\"_blank\">Achterdeck | Caf\u00e9 und Bar<\/a> Lecker Cafe auf dem Schiff<\/p>\n<p>&nbsp;<\/p>\n<p><strong>Windsurflinks<\/strong><\/p>\n<p><a class=\"textbox1link\" href=\"http:\/\/www.boddenstyle.de\" target=\"_blank\">boddenstyle<\/a> <span class=\"textbox1\">&#8211; Die Styler vom Dar\u00df<\/span><\/p>\n<p><a class=\"textbox1link\" href=\"http:\/\/www.surfcenter-wustrow.de\/\" target=\"_blank\">Surfcenter Wustrow<\/a><span class=\"textbox1\"> &#8211; Olis Surfcenter<\/span><\/p>\n<p><a class=\"textbox1link\" href=\"http:\/\/www.spotnetz.de\/\" target=\"_blank\">Spotnetz Spotguide!<\/a> <span class=\"textbox1\">&#8211; <a class=\"textbox1\" href=\"http:\/\/www.spotnetz.de\/\" target=\"_blank\">Spotguide f\u00fcr Windsurfreviere<\/a><\/span><\/p>\n<p>&nbsp;<\/p>\n<p><strong>Medien<\/strong><\/p>\n<p><a href=\"http:\/\/www.dailydose.de\/\" target=\"_blank\">Daily Dose.de<\/a><\/p>\n<p><a href=\"http:\/\/www.stehsegelrevue.com\/\" target=\"_blank\">Stehsegelrevue<\/a><\/p>\n<p><a class=\"textbox1link\" href=\"http:\/\/www.surf-magazin.de\/\" target=\"_blank\">Surf-Magazin<\/a><\/p>\n<p><a class=\"textbox1link\" href=\"http:\/\/mansfeldportal.de\/\" target=\"_blank\">Mansfeldportal<\/a><\/p>\n<p><a class=\"textbox1link\" href=\"http:\/\/www.oase.com\/links\/Surfschulen\/Windsurfschulen\/more2.html\" target=\"_blank\">Oase.com<\/a><\/p>\n<p><a class=\"textbox1link\" href=\"http:\/\/www.beach-and-boat.de\/\" target=\"_blank\">Beach &amp; Boat Wassersportmesse in Leipzig<\/a><\/p>\n<p><a class=\"textbox1link\" href=\"http:\/\/www.stiftung-sport.de\/regionalsport.html\" target=\"_blank\">Stiftung Sport<\/a><\/p>\n<p><a href=\"http:\/\/www.lsb-sachsen-anhalt.de\" target=\"_blank\">Landessportbund Sachsen-Anhalt<\/a><\/p>\n<p><a class=\"textbox1link\" href=\"http:\/\/www.halsport.de\/no_cache\/sportvereine\/windsurfing-club-halle-seeburg.html\" target=\"_blank\">HALsport<\/a><\/p>\n<p><a class=\"textbox1link\" href=\"http:\/\/www.pandamedien.de\" target=\"_blank\">pandamedien<\/a><\/p>\n<p><a class=\"textbox1link\" href=\"http:\/\/www.netzathleten.de\/\" target=\"_blank\">netzathleten<\/a><\/p>\n","protected":false},"excerpt":{"rendered":"<p>Freunde des Hauses SB-KingSize &#8211; HardCore Downhill am S\u00fc\u00dfen See Skyhippis &#8211; \u00dcberflieger mit Fallschirm Achterdeck | Caf\u00e9 und Bar&#46;&#46;&#46;<\/p>\n","protected":false},"author":1,"featured_media":0,"parent":0,"menu_order":0,"comment_status":"closed","ping_status":"open","template":"","meta":{"ngg_post_thumbnail":0,"footnotes":""},"class_list":["post-41","page","type-page","status-publish","hentry"],"_links":{"self":[{"href":"http:\/\/sweetlaker.de\/cms\/wp-json\/wp\/v2\/pages\/41","targetHints":{"allow":["GET"]}}],"collection":[{"href":"http:\/\/sweetlaker.de\/cms\/wp-json\/wp\/v2\/pages"}],"about":[{"href":"http:\/\/sweetlaker.de\/cms\/wp-json\/wp\/v2\/types\/page"}],"author":[{"embeddable":true,"href":"http:\/\/sweetlaker.de\/cms\/wp-json\/wp\/v2\/users\/1"}],"replies":[{"embeddable":true,"href":"http:\/\/sweetlaker.de\/cms\/wp-json\/wp\/v2\/comments?post=41"}],"version-history":[{"count":1,"href":"http:\/\/sweetlaker.de\/cms\/wp-json\/wp\/v2\/pages\/41\/revisions"}],"predecessor-version":[{"id":42,"href":"http:\/\/sweetlaker.de\/cms\/wp-json\/wp\/v2\/pages\/41\/revisions\/42"}],"wp:attachment":[{"href":"http:\/\/sweetlaker.de\/cms\/wp-json\/wp\/v2\/media?parent=41"}],"curies":[{"name":"wp","href":"https:\/\/api.w.org\/{rel}","templated":true}]}}