{"id":6,"date":"2014-12-05T14:53:48","date_gmt":"2014-12-05T14:53:48","guid":{"rendered":"http:\/\/sweetlaker.de\/cms\/?page_id=6"},"modified":"2020-02-02T18:30:22","modified_gmt":"2020-02-02T17:30:22","slug":"surfschule","status":"publish","type":"page","link":"http:\/\/sweetlaker.de\/cms\/surfschule\/","title":{"rendered":"Surfschule"},"content":{"rendered":"<h2><strong>Vereinsinterne Schulungen, Kurse, Verleih, Fortgeschrittenen Unterricht f\u00fcr Mitglieder.<br \/>\n<\/strong><\/h2>\n<p>Innerhalb unseres Vereins verleihen wir Material, schulen und erarbeiten mit euch angesagte Freestyle Moves. Das geht nat\u00fcrlich immer nur wenn Wind ist. Deshalb sind die Termine immer nach Absprache zu treffen. Im Preis inbegriffen sind nat\u00fcrlich Schulungsboard, Segel sowie der Surfanzug und Trainigsm\u00f6glichkeiten an Land.<\/p>\n<p>Telefon Verleih und Schulung:&nbsp;Nico +49 178 4210965 \/ oder <a href=\"mailo:nico.elste.ne@gmail.com\">E-Mail senden&nbsp;<\/a><\/p>\n<p>&nbsp;<\/p>\n<p><strong>Wochenendkurs:<\/strong><br \/>\n10 Stunden.<br \/>\n(Wende, Halse, Sofortstop, Theorie) &#8211; Termine nach Absprache<\/p>\n<p><strong>Aufsteigerkurse:<\/strong><br \/>\n3 Stunden.<br \/>\nEinzelunterricht, Theorie, Praxis<br \/>\nFestigen der Grundscheintechnik, Halse, Wende, Gleitfahrt, Beachstart,<br \/>\nTrapeztechnik, Wasserstart, Powerhalse<\/p>\n<p><strong>Fortgeschrittener Kurs:<\/strong><br \/>\n3 Stunden.<br \/>\nEinzelunterricht, Theorie, Praxis.<br \/>\nDuckJibe, Carving 360\u00b0, Helicopterwende, Segel 360\u00b0, Board 360\u00b0, Board-Segel 360\u00b0, Backfahrt, ChopHops, DonkeyKicks u.a.<\/p>\nngg_shortcode_0_placeholder\n","protected":false},"excerpt":{"rendered":"<p>Vereinsinterne Schulungen, Kurse, Verleih, Fortgeschrittenen Unterricht f\u00fcr Mitglieder. Innerhalb unseres Vereins verleihen wir Material, schulen und erarbeiten mit euch angesagte&#46;&#46;&#46;<\/p>\n","protected":false},"author":1,"featured_media":0,"parent":0,"menu_order":0,"comment_status":"closed","ping_status":"open","template":"","meta":{"ngg_post_thumbnail":0,"footnotes":""},"class_list":["post-6","page","type-page","status-publish","hentry"],"_links":{"self":[{"href":"http:\/\/sweetlaker.de\/cms\/wp-json\/wp\/v2\/pages\/6","targetHints":{"allow":["GET"]}}],"collection":[{"href":"http:\/\/sweetlaker.de\/cms\/wp-json\/wp\/v2\/pages"}],"about":[{"href":"http:\/\/sweetlaker.de\/cms\/wp-json\/wp\/v2\/types\/page"}],"author":[{"embeddable":true,"href":"http:\/\/sweetlaker.de\/cms\/wp-json\/wp\/v2\/users\/1"}],"replies":[{"embeddable":true,"href":"http:\/\/sweetlaker.de\/cms\/wp-json\/wp\/v2\/comments?post=6"}],"version-history":[{"count":14,"href":"http:\/\/sweetlaker.de\/cms\/wp-json\/wp\/v2\/pages\/6\/revisions"}],"predecessor-version":[{"id":3530,"href":"http:\/\/sweetlaker.de\/cms\/wp-json\/wp\/v2\/pages\/6\/revisions\/3530"}],"wp:attachment":[{"href":"http:\/\/sweetlaker.de\/cms\/wp-json\/wp\/v2\/media?parent=6"}],"curies":[{"name":"wp","href":"https:\/\/api.w.org\/{rel}","templated":true}]}}